{"id":2126,"date":"2024-08-12T17:52:07","date_gmt":"2024-08-12T15:52:07","guid":{"rendered":"https:\/\/laquerolaordino.com\/?page_id=2126"},"modified":"2024-09-12T11:38:50","modified_gmt":"2024-09-12T09:38:50","slug":"politica-de-privacidad","status":"publish","type":"page","link":"https:\/\/laquerolaordino.com\/en\/politica-de-privacidad\/","title":{"rendered":"Privacy Policy"},"content":{"rendered":"<div data-elementor-type=\"wp-page\" data-elementor-id=\"2126\" class=\"elementor elementor-2126\" data-elementor-post-type=\"page\">\n\t\t\t\t<div class=\"elementor-element elementor-element-1186d96 e-flex e-con-boxed e-con e-parent\" data-id=\"1186d96\" data-element_type=\"container\" data-e-type=\"container\" id=\"up\" data-settings=\"{&quot;_ob_use_container_extras&quot;:&quot;no&quot;,&quot;_ob_column_hoveranimator&quot;:&quot;no&quot;,&quot;_ob_glider_is_slider&quot;:&quot;no&quot;,&quot;_ob_column_has_pseudo&quot;:&quot;no&quot;}\">\n\t\t\t\t\t<div class=\"e-con-inner\">\n\t\t\t\t<div class=\"elementor-element elementor-element-4d7fd2c ob-harakiri-inherit elementor-invisible ob-has-background-overlay elementor-widget elementor-widget-heading\" data-id=\"4d7fd2c\" data-element_type=\"widget\" data-e-type=\"widget\" data-settings=\"{&quot;_animation&quot;:&quot;fadeIn&quot;,&quot;_animation_delay&quot;:200,&quot;_ob_use_harakiri&quot;:&quot;yes&quot;,&quot;_ob_harakiri_writing_mode&quot;:&quot;inherit&quot;,&quot;_ob_harakiri_text_clip&quot;:&quot;none&quot;,&quot;_ob_widget_stalker_use&quot;:&quot;no&quot;,&quot;_ob_poopart_use&quot;:&quot;yes&quot;,&quot;_ob_shadough_use&quot;:&quot;no&quot;,&quot;_ob_allow_hoveranimator&quot;:&quot;no&quot;}\" data-widget_type=\"heading.default\">\n\t\t\t\t<div class=\"elementor-widget-container\">\n\t\t\t\t\t<h2 class=\"elementor-heading-title elementor-size-default\">PRIVACY POLICY  \u2013 LA QUEROLA D'ORDINO<\/h2>\t\t\t\t<\/div>\n\t\t\t\t<\/div>\n\t\t\t\t<div class=\"elementor-element elementor-element-9d57135 ob-has-background-overlay elementor-widget elementor-widget-spacer\" data-id=\"9d57135\" data-element_type=\"widget\" data-e-type=\"widget\" data-settings=\"{&quot;_ob_spacerat_use&quot;:&quot;no&quot;,&quot;_ob_widget_stalker_use&quot;:&quot;no&quot;,&quot;_ob_poopart_use&quot;:&quot;yes&quot;,&quot;_ob_shadough_use&quot;:&quot;no&quot;,&quot;_ob_allow_hoveranimator&quot;:&quot;no&quot;}\" data-widget_type=\"spacer.default\">\n\t\t\t\t<div class=\"elementor-widget-container\">\n\t\t\t\t\t\t\t<div class=\"elementor-spacer\">\n\t\t\t<div class=\"elementor-spacer-inner\"><\/div>\n\t\t<\/div>\n\t\t\t\t\t\t<\/div>\n\t\t\t\t<\/div>\n\t\t\t\t<div class=\"elementor-element elementor-element-ecca561 ob-harakiri-inherit elementor-invisible ob-has-background-overlay elementor-widget elementor-widget-text-editor\" data-id=\"ecca561\" data-element_type=\"widget\" data-e-type=\"widget\" data-settings=\"{&quot;_animation&quot;:&quot;fadeIn&quot;,&quot;_animation_delay&quot;:400,&quot;_ob_use_harakiri&quot;:&quot;yes&quot;,&quot;_ob_harakiri_writing_mode&quot;:&quot;inherit&quot;,&quot;_ob_postman_use&quot;:&quot;no&quot;,&quot;_ob_widget_stalker_use&quot;:&quot;no&quot;,&quot;_ob_poopart_use&quot;:&quot;yes&quot;,&quot;_ob_shadough_use&quot;:&quot;no&quot;,&quot;_ob_allow_hoveranimator&quot;:&quot;no&quot;}\" data-widget_type=\"text-editor.default\">\n\t\t\t\t<div class=\"elementor-widget-container\">\n\t\t\t\t\t\t\t\t\t<p class=\"translation-block\">LA QUEROLA D\u2019ORDINO undertakes to protect your privacy and develop technology to give you the most secure experience possible on our website. This privacy statement is valid for the website <span style=\"color: #000000\"><a style=\"color: #000000\" href=\"https:\/\/laquerolaordino.com\/en\/\" target=\"_self\">https:\/\/laquerolaordino.com<\/a><\/span> and governs the collection and use of data.<\/p><p>By accepting these privacy policies, you consent to the practices described herein.<\/p><p><strong>Who is responsible for the data?<\/strong><\/p><p>Any personal data that you provide through this website will be processed by LA QUEROLA D\u2019ORDINOas the data controller. LA QUEROLA D\u2019ORDINO is the owner of this website and is a company domiciled in LA PLETA D\u2019ORDINO 40C (registered in the Companies Register of the Principality of Andorra with tax registration number N.R.T.= L-707753-Z), hereinafter \u201cLA QUEROLA D\u2019ORDINO\u201d.<\/p><p><strong>What data do we collect?<\/strong><\/p><p>In compliance with the Andorran Personal Data Protection Act (Qualified Law 29\/2021, of 28 October, on the protection of personal data) and its implementing regulations, the users of this website are hereby informed that we store the data indicated above.<\/p><p><strong>Do we collect cookies?<\/strong><\/p><p class=\"translation-block\">As mentioned previously, the website <span style=\"color: #000000\"><a style=\"color: #000000\" href=\"https:\/\/laquerolaordino.com\/en\/\" target=\"_self\">https:\/\/laquerolaordino.com<\/a> <\/span>uses cookies to facilitate and improve the user experience and proper functioning of the website.<\/p><p><strong>What is the purpose of the data processing?<\/strong><\/p><p>LA QUEROLA D\u2019ORDINO may process your personal data for the purposes described above as long as you consent in part or in full.<\/p><p><strong>How long will my data be retained?<\/strong><\/p><p>LA QUEROLA D\u2019ORDINO will retain your personal data for the term necessary for the purposes described above. Should there be legislation that requires LA QUEROLA D\u2019ORDINO to retain your personal data, LA QUEROLA D\u2019ORDINO will retain your personal data for the specified additional period, but they will be blocked and will only be processed to ensure their retention. After these periods have elapsed, the personal data will be deleted.<\/p><p><strong>To whom will we transfer your data?<\/strong><\/p><p>As a general rule, your data will not be transferred to third parties unless we have your express consent to do so. In order to achieve the aforementioned purposes, your personal data may be transferred, and only when necessary, to:<\/p><ul><li>Data processors of LA QUEROLA D\u2019ORDINO, which must process your personal data in relation to the purpose in question. This processing will be carried out according to our instructions and in keeping with the privacy policy and any security and appropriate confidentiality measures established by LA QUEROLA D\u2019ORDINO.<\/li><li>Competent public administrations, where provided for under the law and for the purposes defined therein.<\/li><li>Other recipients.<\/li><\/ul><p><strong>\u00a0<\/strong><\/p><p><strong>What rights do you have?<\/strong><\/p><p>In compliance with the Andorran Personal Data Protection Act and its implementing regulations, LA QUEROLA D\u2019ORDINO hereby informs you that you have the rights of access, rectification, deletion, limitation of processing, portability and opposition of your personal data envisaged in said legislation. In order to exercise these rights, you must complete the form at WEBSITE URL and must further attach a copy of your passport or national identity document, so that LA QUEROLA D\u2019ORDINO can verify your identity (the data attached here will only be processed for the sole purpose of exercising your rights and will be deleted as soon as this purpose has been fulfilled).<\/p><p>Should there be a violation of your rights, especially when they have not been exercised to your satisfaction, you may file a complaint with the Andorran Data Protection Agency (APDA). You can also learn more about your rights by contacting this body.<\/p><p><strong>Can I withdraw my consent?<\/strong><\/p><p>Consent given for any specific purpose may be withdrawn at any time. This does not affect the lawfulness of any processing based on the consent prior to the withdrawal. In you withdraw your consent, LA QUEROLA D\u2019ORDINO will cease to process your personal data or, as applicable, will cease to do so for this specific purpose, except where there are compelling legitimate grounds or in the exercise or defense of potential claims.<\/p><p><strong>What security measures will we use to protect your data?<\/strong><\/p><p>LA QUEROLA D\u2019ORDINO guarantees that the processing of your personal data is subject to the strictest duty of confidentiality and that the necessary technical and organizational measures have been established to ensure the security of your personal data and protect them from alteration, misuse, loss, theft and unauthorized processing and\/or access.<\/p><p><strong>What about potential changes to the privacy policy?<\/strong><\/p><p>This privacy policy may be changed in accordance with the applicable law at any given time. You will be duly notified of modifications to this privacy policy, so that you are aware of the changes and can give your express consent to them.\u00a0<\/p>\t\t\t\t\t\t\t\t<\/div>\n\t\t\t\t<\/div>\n\t\t\t\t\t<\/div>\n\t\t\t\t<\/div>\n\t\t\t\t<\/div>","protected":false},"excerpt":{"rendered":"<p>POL\u00cdTICA DE PRIVACIDAD \u2013 LA QUEROLA D&#8217;ORDINO LA QUEROLA D\u2019ORDINO se compromete a proteger su privacidad y a desarrollar la tecnolog\u00eda que le proporcione la experiencia m\u00e1s segura en la p\u00e1gina web. Esta declaraci\u00f3n de privacidad es v\u00e1lida para la p\u00e1gina web https:\/\/laquerolaordino.com y regula la recogida y uso de datos. Al aceptar las pol\u00edticas [&hellip;]<\/p>\n","protected":false},"author":1,"featured_media":0,"parent":0,"menu_order":0,"comment_status":"closed","ping_status":"closed","template":"","meta":{"footnotes":""},"class_list":["post-2126","page","type-page","status-publish","hentry"],"yoast_head":"<!-- This site is optimized with the Yoast SEO Premium plugin v23.4 (Yoast SEO v27.4) - https:\/\/yoast.com\/product\/yoast-seo-premium-wordpress\/ -->\n<title>Pol\u00edtica de privacidad - La Querola d&#039;Ordino<\/title>\n<meta name=\"robots\" content=\"index, follow, max-snippet:-1, max-image-preview:large, max-video-preview:-1\" \/>\n<link rel=\"canonical\" href=\"https:\/\/laquerolaordino.com\/en\/politica-de-privacidad\/\" \/>\n<meta property=\"og:locale\" content=\"en_GB\" \/>\n<meta property=\"og:type\" content=\"article\" \/>\n<meta property=\"og:title\" content=\"Pol\u00edtica de privacidad\" \/>\n<meta property=\"og:description\" content=\"POL\u00cdTICA DE PRIVACIDAD \u2013 LA QUEROLA D&#8217;ORDINO LA QUEROLA D\u2019ORDINO se compromete a proteger su privacidad y a desarrollar la tecnolog\u00eda que le proporcione la experiencia m\u00e1s segura en la p\u00e1gina web. Esta declaraci\u00f3n de privacidad es v\u00e1lida para la p\u00e1gina web https:\/\/laquerolaordino.com y regula la recogida y uso de datos. Al aceptar las pol\u00edticas [&hellip;]\" \/>\n<meta property=\"og:url\" content=\"https:\/\/laquerolaordino.com\/en\/politica-de-privacidad\/\" \/>\n<meta property=\"og:site_name\" content=\"La Querola d&#039;Ordino\" \/>\n<meta property=\"article:publisher\" content=\"https:\/\/es-es.facebook.com\/laqueroladordino\/\" \/>\n<meta property=\"article:modified_time\" content=\"2024-09-12T09:38:50+00:00\" \/>\n<meta name=\"twitter:card\" content=\"summary_large_image\" \/>\n<meta name=\"twitter:label1\" content=\"Estimated reading time\" \/>\n\t<meta name=\"twitter:data1\" content=\"4 minutes\" \/>\n<script type=\"application\/ld+json\" class=\"yoast-schema-graph\">{\"@context\":\"https:\\\/\\\/schema.org\",\"@graph\":[{\"@type\":\"WebPage\",\"@id\":\"https:\\\/\\\/laquerolaordino.com\\\/politica-de-privacidad\\\/\",\"url\":\"https:\\\/\\\/laquerolaordino.com\\\/politica-de-privacidad\\\/\",\"name\":\"Pol\u00edtica de privacidad - La Querola d&#039;Ordino\",\"isPartOf\":{\"@id\":\"https:\\\/\\\/laquerolaordino.com\\\/#website\"},\"datePublished\":\"2024-08-12T15:52:07+00:00\",\"dateModified\":\"2024-09-12T09:38:50+00:00\",\"breadcrumb\":{\"@id\":\"https:\\\/\\\/laquerolaordino.com\\\/politica-de-privacidad\\\/#breadcrumb\"},\"inLanguage\":\"en-GB\",\"potentialAction\":[{\"@type\":\"ReadAction\",\"target\":[\"https:\\\/\\\/laquerolaordino.com\\\/politica-de-privacidad\\\/\"]}]},{\"@type\":\"BreadcrumbList\",\"@id\":\"https:\\\/\\\/laquerolaordino.com\\\/politica-de-privacidad\\\/#breadcrumb\",\"itemListElement\":[{\"@type\":\"ListItem\",\"position\":1,\"name\":\"Portada\",\"item\":\"https:\\\/\\\/laquerolaordino.com\\\/\"},{\"@type\":\"ListItem\",\"position\":2,\"name\":\"Pol\u00edtica de privacidad\"}]},{\"@type\":\"WebSite\",\"@id\":\"https:\\\/\\\/laquerolaordino.com\\\/#website\",\"url\":\"https:\\\/\\\/laquerolaordino.com\\\/\",\"name\":\"La Querola d'Ordino\",\"description\":\"Prime Residential Ordino\",\"publisher\":{\"@id\":\"https:\\\/\\\/laquerolaordino.com\\\/#organization\"},\"potentialAction\":[{\"@type\":\"SearchAction\",\"target\":{\"@type\":\"EntryPoint\",\"urlTemplate\":\"https:\\\/\\\/laquerolaordino.com\\\/?s={search_term_string}\"},\"query-input\":{\"@type\":\"PropertyValueSpecification\",\"valueRequired\":true,\"valueName\":\"search_term_string\"}}],\"inLanguage\":\"en-GB\"},{\"@type\":\"Organization\",\"@id\":\"https:\\\/\\\/laquerolaordino.com\\\/#organization\",\"name\":\"La Querola d'Ordino\",\"url\":\"https:\\\/\\\/laquerolaordino.com\\\/\",\"logo\":{\"@type\":\"ImageObject\",\"inLanguage\":\"en-GB\",\"@id\":\"https:\\\/\\\/laquerolaordino.com\\\/#\\\/schema\\\/logo\\\/image\\\/\",\"url\":\"https:\\\/\\\/laquerolaordino.com\\\/wp-content\\\/uploads\\\/2022\\\/07\\\/laquerolaordino.svg\",\"contentUrl\":\"https:\\\/\\\/laquerolaordino.com\\\/wp-content\\\/uploads\\\/2022\\\/07\\\/laquerolaordino.svg\",\"width\":263,\"height\":60,\"caption\":\"La Querola d'Ordino\"},\"image\":{\"@id\":\"https:\\\/\\\/laquerolaordino.com\\\/#\\\/schema\\\/logo\\\/image\\\/\"},\"sameAs\":[\"https:\\\/\\\/es-es.facebook.com\\\/laqueroladordino\\\/\",\"https:\\\/\\\/www.instagram.com\\\/laquerolaordino\\\/?hl=es\"]}]}<\/script>\n<!-- \/ Yoast SEO Premium plugin. -->","yoast_head_json":{"title":"Pol\u00edtica de privacidad - La Querola d&#039;Ordino","robots":{"index":"index","follow":"follow","max-snippet":"max-snippet:-1","max-image-preview":"max-image-preview:large","max-video-preview":"max-video-preview:-1"},"canonical":"https:\/\/laquerolaordino.com\/en\/politica-de-privacidad\/","og_locale":"en_GB","og_type":"article","og_title":"Pol\u00edtica de privacidad","og_description":"POL\u00cdTICA DE PRIVACIDAD \u2013 LA QUEROLA D&#8217;ORDINO LA QUEROLA D\u2019ORDINO se compromete a proteger su privacidad y a desarrollar la tecnolog\u00eda que le proporcione la experiencia m\u00e1s segura en la p\u00e1gina web. Esta declaraci\u00f3n de privacidad es v\u00e1lida para la p\u00e1gina web https:\/\/laquerolaordino.com y regula la recogida y uso de datos. Al aceptar las pol\u00edticas [&hellip;]","og_url":"https:\/\/laquerolaordino.com\/en\/politica-de-privacidad\/","og_site_name":"La Querola d&#039;Ordino","article_publisher":"https:\/\/es-es.facebook.com\/laqueroladordino\/","article_modified_time":"2024-09-12T09:38:50+00:00","twitter_card":"summary_large_image","twitter_misc":{"Estimated reading time":"4 minutes"},"schema":{"@context":"https:\/\/schema.org","@graph":[{"@type":"WebPage","@id":"https:\/\/laquerolaordino.com\/politica-de-privacidad\/","url":"https:\/\/laquerolaordino.com\/politica-de-privacidad\/","name":"Pol\u00edtica de privacidad - La Querola d&#039;Ordino","isPartOf":{"@id":"https:\/\/laquerolaordino.com\/#website"},"datePublished":"2024-08-12T15:52:07+00:00","dateModified":"2024-09-12T09:38:50+00:00","breadcrumb":{"@id":"https:\/\/laquerolaordino.com\/politica-de-privacidad\/#breadcrumb"},"inLanguage":"en-GB","potentialAction":[{"@type":"ReadAction","target":["https:\/\/laquerolaordino.com\/politica-de-privacidad\/"]}]},{"@type":"BreadcrumbList","@id":"https:\/\/laquerolaordino.com\/politica-de-privacidad\/#breadcrumb","itemListElement":[{"@type":"ListItem","position":1,"name":"Portada","item":"https:\/\/laquerolaordino.com\/"},{"@type":"ListItem","position":2,"name":"Pol\u00edtica de privacidad"}]},{"@type":"WebSite","@id":"https:\/\/laquerolaordino.com\/#website","url":"https:\/\/laquerolaordino.com\/","name":"La Querola d'Ordino","description":"Prime Residential Ordino","publisher":{"@id":"https:\/\/laquerolaordino.com\/#organization"},"potentialAction":[{"@type":"SearchAction","target":{"@type":"EntryPoint","urlTemplate":"https:\/\/laquerolaordino.com\/?s={search_term_string}"},"query-input":{"@type":"PropertyValueSpecification","valueRequired":true,"valueName":"search_term_string"}}],"inLanguage":"en-GB"},{"@type":"Organization","@id":"https:\/\/laquerolaordino.com\/#organization","name":"La Querola d'Ordino","url":"https:\/\/laquerolaordino.com\/","logo":{"@type":"ImageObject","inLanguage":"en-GB","@id":"https:\/\/laquerolaordino.com\/#\/schema\/logo\/image\/","url":"https:\/\/laquerolaordino.com\/wp-content\/uploads\/2022\/07\/laquerolaordino.svg","contentUrl":"https:\/\/laquerolaordino.com\/wp-content\/uploads\/2022\/07\/laquerolaordino.svg","width":263,"height":60,"caption":"La Querola d'Ordino"},"image":{"@id":"https:\/\/laquerolaordino.com\/#\/schema\/logo\/image\/"},"sameAs":["https:\/\/es-es.facebook.com\/laqueroladordino\/","https:\/\/www.instagram.com\/laquerolaordino\/?hl=es"]}]}},"_links":{"self":[{"href":"https:\/\/laquerolaordino.com\/en\/wp-json\/wp\/v2\/pages\/2126","targetHints":{"allow":["GET"]}}],"collection":[{"href":"https:\/\/laquerolaordino.com\/en\/wp-json\/wp\/v2\/pages"}],"about":[{"href":"https:\/\/laquerolaordino.com\/en\/wp-json\/wp\/v2\/types\/page"}],"author":[{"embeddable":true,"href":"https:\/\/laquerolaordino.com\/en\/wp-json\/wp\/v2\/users\/1"}],"replies":[{"embeddable":true,"href":"https:\/\/laquerolaordino.com\/en\/wp-json\/wp\/v2\/comments?post=2126"}],"version-history":[{"count":9,"href":"https:\/\/laquerolaordino.com\/en\/wp-json\/wp\/v2\/pages\/2126\/revisions"}],"predecessor-version":[{"id":2254,"href":"https:\/\/laquerolaordino.com\/en\/wp-json\/wp\/v2\/pages\/2126\/revisions\/2254"}],"wp:attachment":[{"href":"https:\/\/laquerolaordino.com\/en\/wp-json\/wp\/v2\/media?parent=2126"}],"curies":[{"name":"wp","href":"https:\/\/api.w.org\/{rel}","templated":true}]}}